{"id":36052,"date":"2024-04-23T14:05:02","date_gmt":"2024-04-23T14:05:02","guid":{"rendered":"https:\/\/sinchcomdev.local\/homepage\/"},"modified":"2025-02-20T15:09:37","modified_gmt":"2025-02-20T15:09:37","slug":"homepage","status":"publish","type":"page","link":"https:\/\/sinch.com\/pt\/","title":{"rendered":"Homepage"},"content":{"rendered":"\r\n    <section data-content-type=\"component\"  id=\"form\" class=\"section section-py form-block bg-primary\" data-theme=\"light\">\r\n        <div class=\"container\">\r\n            <div class=\"row justify-content-center\">\r\n                <div class=\"col-12 col-lg-8 justify-content-center\">\r\n\r\n                    <div class=\"\">\r\n\r\n\r\n                        <div class=\"form-block-container shadow-lg bg-body px-5 py-7 p-md-9\" data-theme=\"light\">\r\n\r\n                            \r\n\r\n                                <!-- MARKETING CLOUD Form Container -- Start -->\r\n                                <div class=\"marketing-cloud-form-container\">\r\n                                                                            <div class=\"form-content mb-3\">\r\n                                                                                            <h2 class=\"h5 mb-3\">Vamos conversar sobre possibilidades<\/h2>\r\n                                                                                                                                <\/div>\r\n\r\n                                    \r\n\r\n                                    \r\n                                    <iframe\r\n                                        id=\"marketing-cloud-form\"\r\n                                        class=\"marketing-cloud-iframe\"\r\n                                        data-iframe-params=\"utm_source,utm_medium,utm_campaign,utm_term,utm_content,transid,gclid,intcmp\"\r\n                                        src=\"https:\/\/cloud.m.sinch.com\/sinchform1_0?referrer=https%3A%2F%2Fsinch.com%2Fpt%2Fwp-json%2Fwp%2Fv2%2Fpages%2F36052&#038;lang=pt&#038;theme=sinch.com\"\r\n                                        title=\"Vamos conversar sobre possibilidades\"\r\n                                        style=\"width: 100%;\">\r\n                                    <\/iframe>\r\n                                <\/div>\r\n                                <!-- MARKETING CLOUD Container -- Start -->\r\n\r\n\r\n                                                    <\/div>\r\n                    <\/div>\r\n                <\/div>\r\n            <\/div>\r\n        <\/div>\r\n    <\/section>\r\n\r\n","protected":false},"excerpt":{"rendered":"","protected":false},"author":1,"featured_media":36054,"parent":0,"menu_order":0,"comment_status":"closed","ping_status":"closed","template":"pages\/templates\/page-front.php","meta":{"_acf_changed":false,"_slug_changed":false,"footnotes":""},"class_list":["post-36052","page","type-page","status-publish","has-post-thumbnail","hentry"],"acf":[],"yoast_head":"<!-- This site is optimized with the Yoast SEO plugin v27.2 - https:\/\/yoast.com\/product\/yoast-seo-wordpress\/ -->\n<title>APIs para SMS, Voz, Email, V\u00eddeo e Autentica\u00e7\u00e3o | Sinch<\/title>\n<meta name=\"description\" content=\"Tenha conversas significativas com seu cliente em toda a sua jornada com APIs program\u00e1veis de SMS, voz, email, v\u00eddeo e autentica\u00e7\u00e3o!\" \/>\n<meta name=\"robots\" content=\"index, follow, max-snippet:-1, max-image-preview:large, max-video-preview:-1\" \/>\n<link rel=\"canonical\" href=\"https:\/\/sinch.com\/pt\/\" \/>\n<meta property=\"og:locale\" content=\"pt_BR\" \/>\n<meta property=\"og:type\" content=\"article\" \/>\n<meta property=\"og:title\" content=\"APIs para SMS, Voz, Email, V\u00eddeo e Autentica\u00e7\u00e3o | Sinch\" \/>\n<meta property=\"og:description\" content=\"Tenha conversas significativas com seu cliente em toda a sua jornada com APIs program\u00e1veis de SMS, voz, email, v\u00eddeo e autentica\u00e7\u00e3o!\" \/>\n<meta property=\"og:url\" content=\"https:\/\/sinch.com\/pt\/\" \/>\n<meta property=\"og:site_name\" content=\"Sinch\" \/>\n<meta property=\"article:publisher\" content=\"https:\/\/www.facebook.com\/wearesinch\/\" \/>\n<meta property=\"article:modified_time\" content=\"2025-02-20T15:09:37+00:00\" \/>\n<meta property=\"og:image\" content=\"https:\/\/sinch.com\/wp-content\/uploads\/2024\/07\/Sinch-Customer-Communications-Cloud-homepage-hero_1200x628.png\" \/>\n\t<meta property=\"og:image:width\" content=\"1200\" \/>\n\t<meta property=\"og:image:height\" content=\"628\" \/>\n\t<meta property=\"og:image:type\" content=\"image\/png\" \/>\n<meta name=\"twitter:card\" content=\"summary_large_image\" \/>\n<meta name=\"twitter:site\" content=\"@WeAreSinch\" \/>\n<script type=\"application\/ld+json\" class=\"yoast-schema-graph\">{\"@context\":\"https:\/\/schema.org\",\"@graph\":[{\"@type\":\"WebPage\",\"@id\":\"https:\/\/sinch.com\/pt\/\",\"url\":\"https:\/\/sinch.com\/pt\/\",\"name\":\"APIs para SMS, Voz, Email, V\u00eddeo e Autentica\u00e7\u00e3o | Sinch\",\"isPartOf\":{\"@id\":\"https:\/\/sinch.com\/pt\/#website\"},\"primaryImageOfPage\":{\"@id\":\"https:\/\/sinch.com\/pt\/#primaryimage\"},\"image\":{\"@id\":\"https:\/\/sinch.com\/pt\/#primaryimage\"},\"thumbnailUrl\":\"https:\/\/sinch.com\/wp-content\/uploads\/2024\/07\/Sinch-Customer-Communications-Cloud-homepage-hero_1200x628.png\",\"datePublished\":\"2024-04-23T14:05:02+00:00\",\"dateModified\":\"2025-02-20T15:09:37+00:00\",\"description\":\"Tenha conversas significativas com seu cliente em toda a sua jornada com APIs program\u00e1veis de SMS, voz, email, v\u00eddeo e autentica\u00e7\u00e3o!\",\"breadcrumb\":{\"@id\":\"https:\/\/sinch.com\/pt\/#breadcrumb\"},\"inLanguage\":\"pt-BR\",\"potentialAction\":[{\"@type\":\"ReadAction\",\"target\":[\"https:\/\/sinch.com\/pt\/\"]}]},{\"@type\":\"ImageObject\",\"inLanguage\":\"pt-BR\",\"@id\":\"https:\/\/sinch.com\/pt\/#primaryimage\",\"url\":\"https:\/\/sinch.com\/wp-content\/uploads\/2024\/07\/Sinch-Customer-Communications-Cloud-homepage-hero_1200x628.png\",\"contentUrl\":\"https:\/\/sinch.com\/wp-content\/uploads\/2024\/07\/Sinch-Customer-Communications-Cloud-homepage-hero_1200x628.png\",\"width\":1200,\"height\":628},{\"@type\":\"BreadcrumbList\",\"@id\":\"https:\/\/sinch.com\/pt\/#breadcrumb\",\"itemListElement\":[{\"@type\":\"ListItem\",\"position\":1,\"name\":\"Home\",\"item\":\"https:\/\/sinch.com\/pt\/\"},{\"@type\":\"ListItem\",\"position\":2,\"name\":\"Homepage\"}]},{\"@type\":\"WebSite\",\"@id\":\"https:\/\/sinch.com\/pt\/#website\",\"url\":\"https:\/\/sinch.com\/pt\/\",\"name\":\"Sinch\",\"description\":\"SMS Messaging, Voice, Email, Video &amp; Verification APIs | Sinch\",\"publisher\":{\"@id\":\"https:\/\/sinch.com\/pt\/#organization\"},\"potentialAction\":[{\"@type\":\"SearchAction\",\"target\":{\"@type\":\"EntryPoint\",\"urlTemplate\":\"https:\/\/sinch.com\/pt\/?s={search_term_string}\"},\"query-input\":{\"@type\":\"PropertyValueSpecification\",\"valueRequired\":true,\"valueName\":\"search_term_string\"}}],\"inLanguage\":\"pt-BR\"},{\"@type\":\"Organization\",\"@id\":\"https:\/\/sinch.com\/pt\/#organization\",\"name\":\"Sinch\",\"url\":\"https:\/\/sinch.com\/pt\/\",\"logo\":{\"@type\":\"ImageObject\",\"inLanguage\":\"pt-BR\",\"@id\":\"https:\/\/sinch.com\/pt\/#\/schema\/logo\/image\/\",\"url\":\"https:\/\/sinch.com\/wp-content\/uploads\/2024\/09\/Thumbnail-Logo-Honey.png\",\"contentUrl\":\"https:\/\/sinch.com\/wp-content\/uploads\/2024\/09\/Thumbnail-Logo-Honey.png\",\"width\":800,\"height\":496,\"caption\":\"Sinch\"},\"image\":{\"@id\":\"https:\/\/sinch.com\/pt\/#\/schema\/logo\/image\/\"},\"sameAs\":[\"https:\/\/www.facebook.com\/wearesinch\/\",\"https:\/\/x.com\/WeAreSinch\",\"https:\/\/www.linkedin.com\/company\/sinch\",\"https:\/\/www.youtube.com\/channel\/UCZZ2u_B2afTxA0v-xcgfsaw\",\"https:\/\/www.instagram.com\/wearesinch\/\"]}]}<\/script>\n<!-- \/ Yoast SEO plugin. -->","yoast_head_json":{"title":"APIs para SMS, Voz, Email, V\u00eddeo e Autentica\u00e7\u00e3o | Sinch","description":"Tenha conversas significativas com seu cliente em toda a sua jornada com APIs program\u00e1veis de SMS, voz, email, v\u00eddeo e autentica\u00e7\u00e3o!","robots":{"index":"index","follow":"follow","max-snippet":"max-snippet:-1","max-image-preview":"max-image-preview:large","max-video-preview":"max-video-preview:-1"},"canonical":"https:\/\/sinch.com\/pt\/","og_locale":"pt_BR","og_type":"article","og_title":"APIs para SMS, Voz, Email, V\u00eddeo e Autentica\u00e7\u00e3o | Sinch","og_description":"Tenha conversas significativas com seu cliente em toda a sua jornada com APIs program\u00e1veis de SMS, voz, email, v\u00eddeo e autentica\u00e7\u00e3o!","og_url":"https:\/\/sinch.com\/pt\/","og_site_name":"Sinch","article_publisher":"https:\/\/www.facebook.com\/wearesinch\/","article_modified_time":"2025-02-20T15:09:37+00:00","og_image":[{"width":1200,"height":628,"url":"https:\/\/sinch.com\/wp-content\/uploads\/2024\/07\/Sinch-Customer-Communications-Cloud-homepage-hero_1200x628.png","type":"image\/png"}],"twitter_card":"summary_large_image","twitter_site":"@WeAreSinch","schema":{"@context":"https:\/\/schema.org","@graph":[{"@type":"WebPage","@id":"https:\/\/sinch.com\/pt\/","url":"https:\/\/sinch.com\/pt\/","name":"APIs para SMS, Voz, Email, V\u00eddeo e Autentica\u00e7\u00e3o | Sinch","isPartOf":{"@id":"https:\/\/sinch.com\/pt\/#website"},"primaryImageOfPage":{"@id":"https:\/\/sinch.com\/pt\/#primaryimage"},"image":{"@id":"https:\/\/sinch.com\/pt\/#primaryimage"},"thumbnailUrl":"https:\/\/sinch.com\/wp-content\/uploads\/2024\/07\/Sinch-Customer-Communications-Cloud-homepage-hero_1200x628.png","datePublished":"2024-04-23T14:05:02+00:00","dateModified":"2025-02-20T15:09:37+00:00","description":"Tenha conversas significativas com seu cliente em toda a sua jornada com APIs program\u00e1veis de SMS, voz, email, v\u00eddeo e autentica\u00e7\u00e3o!","breadcrumb":{"@id":"https:\/\/sinch.com\/pt\/#breadcrumb"},"inLanguage":"pt-BR","potentialAction":[{"@type":"ReadAction","target":["https:\/\/sinch.com\/pt\/"]}]},{"@type":"ImageObject","inLanguage":"pt-BR","@id":"https:\/\/sinch.com\/pt\/#primaryimage","url":"https:\/\/sinch.com\/wp-content\/uploads\/2024\/07\/Sinch-Customer-Communications-Cloud-homepage-hero_1200x628.png","contentUrl":"https:\/\/sinch.com\/wp-content\/uploads\/2024\/07\/Sinch-Customer-Communications-Cloud-homepage-hero_1200x628.png","width":1200,"height":628},{"@type":"BreadcrumbList","@id":"https:\/\/sinch.com\/pt\/#breadcrumb","itemListElement":[{"@type":"ListItem","position":1,"name":"Home","item":"https:\/\/sinch.com\/pt\/"},{"@type":"ListItem","position":2,"name":"Homepage"}]},{"@type":"WebSite","@id":"https:\/\/sinch.com\/pt\/#website","url":"https:\/\/sinch.com\/pt\/","name":"Sinch","description":"SMS Messaging, Voice, Email, Video &amp; Verification APIs | Sinch","publisher":{"@id":"https:\/\/sinch.com\/pt\/#organization"},"potentialAction":[{"@type":"SearchAction","target":{"@type":"EntryPoint","urlTemplate":"https:\/\/sinch.com\/pt\/?s={search_term_string}"},"query-input":{"@type":"PropertyValueSpecification","valueRequired":true,"valueName":"search_term_string"}}],"inLanguage":"pt-BR"},{"@type":"Organization","@id":"https:\/\/sinch.com\/pt\/#organization","name":"Sinch","url":"https:\/\/sinch.com\/pt\/","logo":{"@type":"ImageObject","inLanguage":"pt-BR","@id":"https:\/\/sinch.com\/pt\/#\/schema\/logo\/image\/","url":"https:\/\/sinch.com\/wp-content\/uploads\/2024\/09\/Thumbnail-Logo-Honey.png","contentUrl":"https:\/\/sinch.com\/wp-content\/uploads\/2024\/09\/Thumbnail-Logo-Honey.png","width":800,"height":496,"caption":"Sinch"},"image":{"@id":"https:\/\/sinch.com\/pt\/#\/schema\/logo\/image\/"},"sameAs":["https:\/\/www.facebook.com\/wearesinch\/","https:\/\/x.com\/WeAreSinch","https:\/\/www.linkedin.com\/company\/sinch","https:\/\/www.youtube.com\/channel\/UCZZ2u_B2afTxA0v-xcgfsaw","https:\/\/www.instagram.com\/wearesinch\/"]}]}},"_links":{"self":[{"href":"https:\/\/sinch.com\/pt\/wp-json\/wp\/v2\/pages\/36052","targetHints":{"allow":["GET"]}}],"collection":[{"href":"https:\/\/sinch.com\/pt\/wp-json\/wp\/v2\/pages"}],"about":[{"href":"https:\/\/sinch.com\/pt\/wp-json\/wp\/v2\/types\/page"}],"author":[{"embeddable":true,"href":"https:\/\/sinch.com\/pt\/wp-json\/wp\/v2\/users\/1"}],"replies":[{"embeddable":true,"href":"https:\/\/sinch.com\/pt\/wp-json\/wp\/v2\/comments?post=36052"}],"version-history":[{"count":0,"href":"https:\/\/sinch.com\/pt\/wp-json\/wp\/v2\/pages\/36052\/revisions"}],"wp:featuredmedia":[{"embeddable":true,"href":"https:\/\/sinch.com\/pt\/wp-json\/wp\/v2\/media\/36054"}],"wp:attachment":[{"href":"https:\/\/sinch.com\/pt\/wp-json\/wp\/v2\/media?parent=36052"}],"curies":[{"name":"wp","href":"https:\/\/api.w.org\/{rel}","templated":true}]}}