{"id":62024,"date":"2024-07-08T10:17:06","date_gmt":"2024-07-08T10:17:06","guid":{"rendered":"https:\/\/sinchbogdanimport.local\/sinch-support\/"},"modified":"2025-07-02T10:33:37","modified_gmt":"2025-07-02T10:33:37","slug":"helpcenter","status":"publish","type":"page","link":"https:\/\/sinch.com\/de\/helpcenter\/","title":{"rendered":"Sinch Support"},"content":{"rendered":"\r\n    <section data-content-type=\"component\" class=\"header-block section-py bg-sand\" data-theme=\"light\">\r\n        <div class=\"container header-block-container\">\r\n\r\n            \r\n            <div class=\"row align-items-center\">\r\n                <div class=\"col-12 order-2 col-md-6 col-lg-5 order-md-1\">\r\n                    <div class=\"d-flex flex-column gap-3 gap-md-4\">\r\n                        <div>\r\n                                                            <p class=\"text-uppercase section-caption text-body-color\">Sinch Support<\/p>\r\n                            \r\n                            <h1 class=\"text-accent m-0 p-0 \">\r\n                                Brauchen Sie Hilfe? Wir sind f\u00fcr Sie da!                              <\/h1>\r\n                        <\/div>\r\n\r\n                                                    <div class=\"content-body mb-0 text-body-color\"><p>Zugang zum Experten-Support f\u00fcr alle Sinch-Produkte. Hier finden Sie Leitf\u00e4den, L\u00f6sungen und Kontaktinformationen, die Ihnen zum Erfolg verhelfen.  <\/p><\/div>\r\n                        \r\n                        \r\n                        \r\n                                            <\/div>\r\n                <\/div>\r\n\r\n                                    <div class=\"col-12 order-1 col-md-6 col-lg-7 mb-5 mb-md-0 order-md-2 ps-md-7 ps-lg-10 text-md-end\">\r\n\r\n                        \r\n                            <img decoding=\"async\" width=\"1296\" height=\"958\" src=\"https:\/\/sinch.com\/wp-content\/uploads\/2024\/08\/SI-Photo-Partners-02.png\" class=\"skip-lazy img-fluid\" alt=\"Image for Brauchen Sie Hilfe? Wir sind f\u00fcr Sie da!\" fetchpriority=\"high\" srcset=\"https:\/\/sinch.com\/wp-content\/uploads\/2024\/08\/SI-Photo-Partners-02.png 1296w, https:\/\/sinch.com\/wp-content\/uploads\/2024\/08\/SI-Photo-Partners-02-300x222.png 300w, https:\/\/sinch.com\/wp-content\/uploads\/2024\/08\/SI-Photo-Partners-02-1024x757.png 1024w, https:\/\/sinch.com\/wp-content\/uploads\/2024\/08\/SI-Photo-Partners-02-768x568.png 768w\" sizes=\"(max-width: 1296px) 100vw, 1296px\" \/>\r\n                        \r\n                        \r\n                    <\/div>\r\n                \r\n            <\/div>\r\n        <\/div>\r\n\r\n        \r\n        \r\n        \r\n    <\/section>\r\n\n\n\r\n    <section data-content-type=\"component\" id=\"block-655ebd207fe088c22d97b4823eca8355\" class=\"section section-altblo section-py bg-light-subtle\" data-theme=\"light\">\r\n        <div class=\"container\">\r\n            <div class=\"row align-items-center \">\r\n                                    <div class=\"col-12 order-2 col-md-6 col-lg-5\">\r\n                        <div class=\"d-flex flex-column gap-3 gap-lg-4\">\r\n\r\n                                    <div>\r\n                            <p class=\"text-uppercase section-caption text-body-color\">Self Service  <\/p>\r\n            \r\n                            <h2 class=\"mb-0 h3\">Sinch Support Wissensdatenbanken und Gemeinschaft<\/h2>\r\n                    <\/div>\r\n\r\n\r\n                                                            <div class=\"content-body mb-0 text-body-color\"><p>Ihre Wissensquelle f\u00fcr Sinch-Produkte wie Messaging, Verifizierung, Nummern, Voice API, In APP Voice und Video, UCaaS Voice, Vitelity Portal, Inteliquent Customer Portal, Sinch Engage, Chatlayer, Contact Pro und viele mehr.  <\/p><\/div>\r\n                            \r\n                            \r\n                            \r\n                                                            <div class=\"btn-group g-3 mt-0 row\">\r\n                                    \r\n        <div class=\"col-auto\">\r\n        <a href=\"https:\/\/community.sinch.com\/\" target=\"_blank\" class=\"btn btn-secondary btn-lg btn-animated\" >Zur Support-Wissensdatenbank<\/a>\r\n        <\/div>\r\n                                        <\/div>\r\n                            \r\n                        <\/div>\r\n                    <\/div>\r\n                                <div class=\"col-12 order-1 col-md-6 col-lg-7 mb-5 mb-md-0 pe-md-7 pe-lg-10\">\r\n\r\n                    <img decoding=\"async\" width=\"1296\" height=\"902\" src=\"https:\/\/sinch.com\/wp-content\/uploads\/2025\/03\/SI-App-Messaging-Support.png\" class=\"img-fluid\" alt=\"Bild f\u00fcr Sinch Support Wissensdatenbanken und Gemeinschaft\" srcset=\"https:\/\/sinch.com\/wp-content\/uploads\/2025\/03\/SI-App-Messaging-Support.png 1296w, https:\/\/sinch.com\/wp-content\/uploads\/2025\/03\/SI-App-Messaging-Support-300x209.png 300w, https:\/\/sinch.com\/wp-content\/uploads\/2025\/03\/SI-App-Messaging-Support-1024x713.png 1024w, https:\/\/sinch.com\/wp-content\/uploads\/2025\/03\/SI-App-Messaging-Support-768x535.png 768w\" sizes=\"(max-width: 1296px) 100vw, 1296px\" \/>\r\n                <\/div>\r\n            <\/div>\r\n\r\n            \r\n            \r\n            \r\n                    <\/div>\r\n    <\/section>\r\n\r\n\n\n\r\n    <section data-content-type=\"component\" id=\"block-3a7608dcc49c9c54ca03cbe1b9b56ba8\" class=\"section section-altblo section-py bg-body\" data-theme=\"light\">\r\n        <div class=\"container\">\r\n            <div class=\"row align-items-center \">\r\n                                    <div class=\"col-12 order-2 col-md-6 col-lg-5 order-md-1\">\r\n                        <div class=\"d-flex flex-column gap-3 gap-lg-4\">\r\n\r\n                                    <div>\r\n                            <p class=\"text-uppercase section-caption text-body-color\">Status  <\/p>\r\n            \r\n                            <h2 class=\"mb-0 h3\">Dienststatus pr\u00fcfen  <\/h2>\r\n                    <\/div>\r\n\r\n\r\n                                                            <div class=\"content-body mb-0 text-body-color\"><p class=\"\">Der Produktstatus von Sinch ist immer aktuell und wird unter <a href=\"https:\/\/status.sinch.com\/\">Sinch Status<\/a> ver\u00f6ffentlicht.&nbsp;<\/p><p class=\"mb-0\">Benachrichtigungen \u00fcber geplante Servicefenster werden ebenfalls auf dieser Statusseite ver\u00f6ffentlicht.  <\/p><\/div>\r\n                            \r\n                            \r\n                            \r\n                                                            <div class=\"btn-group g-3 mt-0 row\">\r\n                                    \r\n        <div class=\"col-auto\">\r\n        <a href=\"https:\/\/status.sinch.com\" target=\"_blank\" class=\"btn btn-secondary btn-lg btn-animated\" >Aktuellen Status anzeigen  <\/a>\r\n        <\/div>\r\n                                        <\/div>\r\n                            \r\n                        <\/div>\r\n                    <\/div>\r\n                                <div class=\"col-12 order-1 col-md-6 col-lg-7 mb-5 mb-md-0 order-md-2 ps-md-7 ps-lg-10 text-md-end\">\r\n\r\n                    <img decoding=\"async\" width=\"1296\" height=\"632\" src=\"https:\/\/sinch.com\/wp-content\/uploads\/2024\/08\/SI-Diagram-Simple-Status.png\" class=\"img-fluid\" alt=\"Bild f\u00fcr Dienststatus pr\u00fcfen\" srcset=\"https:\/\/sinch.com\/wp-content\/uploads\/2024\/08\/SI-Diagram-Simple-Status.png 1296w, https:\/\/sinch.com\/wp-content\/uploads\/2024\/08\/SI-Diagram-Simple-Status-300x146.png 300w, https:\/\/sinch.com\/wp-content\/uploads\/2024\/08\/SI-Diagram-Simple-Status-1024x499.png 1024w, https:\/\/sinch.com\/wp-content\/uploads\/2024\/08\/SI-Diagram-Simple-Status-768x375.png 768w\" sizes=\"(max-width: 1296px) 100vw, 1296px\" \/>\r\n                <\/div>\r\n            <\/div>\r\n\r\n            \r\n            \r\n            \r\n                    <\/div>\r\n    <\/section>\r\n\r\n\n\n\r\n    <section data-content-type=\"component\" id=\"block-e4eb1fba8b093e65cc3b9082d0bfd33e\" class=\"section section-altblo section-py bg-light-subtle\" data-theme=\"light\">\r\n        <div class=\"container\">\r\n            <div class=\"row align-items-center \">\r\n                                    <div class=\"col-12 order-2 col-md-6 col-lg-5\">\r\n                        <div class=\"d-flex flex-column gap-3 gap-lg-4\">\r\n\r\n                                    <div>\r\n                            <p class=\"text-uppercase section-caption text-body-color\">Support<\/p>\r\n            \r\n                            <h2 class=\"mb-0 h3\">Erreichen Sie unsere Support-Profis  <\/h2>\r\n                    <\/div>\r\n\r\n\r\n                                                            <div class=\"content-body mb-0 text-body-color\"><p class=\"mb-0\">Ben\u00f6tigen Sie Hilfe vom Sinch-Kundenservice?  <\/p><\/div>\r\n                            \r\n                            \r\n                            \r\n                                                            <div class=\"btn-group g-3 mt-0 row\">\r\n                                    \r\n        <div class=\"col-auto\">\r\n        <a href=\"https:\/\/support.sinch.com\/hc\/en-us\/requests\/new\" target=\"_blank\" class=\"btn btn-secondary btn-lg btn-animated\" >Anfrage einreichen<\/a>\r\n        <\/div>\r\n                                        <\/div>\r\n                            \r\n                        <\/div>\r\n                    <\/div>\r\n                                <div class=\"col-12 order-1 col-md-6 col-lg-7 mb-5 mb-md-0 pe-md-7 pe-lg-10\">\r\n\r\n                    <img decoding=\"async\" width=\"1296\" height=\"958\" src=\"https:\/\/sinch.com\/wp-content\/uploads\/2026\/02\/SI-Photo-Support-02.png\" class=\"img-fluid\" alt=\"Bild f\u00fcr Erreichen Sie unsere Support-Profis\" srcset=\"https:\/\/sinch.com\/wp-content\/uploads\/2026\/02\/SI-Photo-Support-02.png 1296w, https:\/\/sinch.com\/wp-content\/uploads\/2026\/02\/SI-Illustration-Support-Honey-03-300x222.png 300w, https:\/\/sinch.com\/wp-content\/uploads\/2026\/02\/SI-Illustration-Support-Honey-03-1024x757.png 1024w, https:\/\/sinch.com\/wp-content\/uploads\/2026\/02\/SI-Illustration-Support-Honey-03-768x568.png 768w\" sizes=\"(max-width: 1296px) 100vw, 1296px\" \/>\r\n                <\/div>\r\n            <\/div>\r\n\r\n            \r\n            \r\n            \r\n                    <\/div>\r\n    <\/section>\r\n\r\n","protected":false},"excerpt":{"rendered":"","protected":false},"author":6,"featured_media":0,"parent":0,"menu_order":0,"comment_status":"closed","ping_status":"closed","template":"","meta":{"_acf_changed":false,"_slug_changed":false,"footnotes":""},"class_list":["post-62024","page","type-page","status-publish","hentry"],"acf":[],"yoast_head":"<!-- This site is optimized with the Yoast SEO plugin v27.3 - https:\/\/yoast.com\/product\/yoast-seo-wordpress\/ -->\n<title>Sinch Support<\/title>\n<meta name=\"description\" content=\"Brauchen Sie Hilfe? Wir sind f\u00fcr Sie da! Finden Sie die richtigen Informationen f\u00fcr die von Ihnen verwendeten Sinch-Produkte, indem Sie die passende Option unten ausw\u00e4hlen.\" \/>\n<meta name=\"robots\" content=\"index, follow, max-snippet:-1, max-image-preview:large, max-video-preview:-1\" \/>\n<link rel=\"canonical\" href=\"https:\/\/sinch.com\/de\/helpcenter\/\" \/>\n<meta property=\"og:locale\" content=\"de_DE\" \/>\n<meta property=\"og:type\" content=\"article\" \/>\n<meta property=\"og:title\" content=\"Sinch Support\" \/>\n<meta property=\"og:description\" content=\"Brauchen Sie Hilfe? Wir sind f\u00fcr Sie da! Finden Sie die richtigen Informationen f\u00fcr die von Ihnen verwendeten Sinch-Produkte, indem Sie die passende Option unten ausw\u00e4hlen.\" \/>\n<meta property=\"og:url\" content=\"https:\/\/sinch.com\/de\/helpcenter\/\" \/>\n<meta property=\"og:site_name\" content=\"Sinch\" \/>\n<meta property=\"article:publisher\" content=\"https:\/\/www.facebook.com\/wearesinch\/\" \/>\n<meta property=\"article:modified_time\" content=\"2025-07-02T10:33:37+00:00\" \/>\n<meta property=\"og:image\" content=\"https:\/\/sinch.com\/wp-content\/uploads\/2026\/02\/SI-Powering-Trusted-Comms.png\" \/>\n\t<meta property=\"og:image:width\" content=\"1200\" \/>\n\t<meta property=\"og:image:height\" content=\"668\" \/>\n\t<meta property=\"og:image:type\" content=\"image\/png\" \/>\n<meta name=\"twitter:card\" content=\"summary_large_image\" \/>\n<meta name=\"twitter:site\" content=\"@WeAreSinch\" \/>\n<script type=\"application\/ld+json\" class=\"yoast-schema-graph\">{\"@context\":\"https:\\\/\\\/schema.org\",\"@graph\":[{\"@type\":\"WebPage\",\"@id\":\"https:\\\/\\\/sinch.com\\\/de\\\/helpcenter\\\/\",\"url\":\"https:\\\/\\\/sinch.com\\\/de\\\/helpcenter\\\/\",\"name\":\"Sinch Support\",\"isPartOf\":{\"@id\":\"https:\\\/\\\/sinch.com\\\/de\\\/#website\"},\"datePublished\":\"2024-07-08T10:17:06+00:00\",\"dateModified\":\"2025-07-02T10:33:37+00:00\",\"description\":\"Brauchen Sie Hilfe? Wir sind f\u00fcr Sie da! Finden Sie die richtigen Informationen f\u00fcr die von Ihnen verwendeten Sinch-Produkte, indem Sie die passende Option unten ausw\u00e4hlen.\",\"breadcrumb\":{\"@id\":\"https:\\\/\\\/sinch.com\\\/de\\\/helpcenter\\\/#breadcrumb\"},\"inLanguage\":\"de-DE\",\"potentialAction\":[{\"@type\":\"ReadAction\",\"target\":[\"https:\\\/\\\/sinch.com\\\/de\\\/helpcenter\\\/\"]}]},{\"@type\":\"BreadcrumbList\",\"@id\":\"https:\\\/\\\/sinch.com\\\/de\\\/helpcenter\\\/#breadcrumb\",\"itemListElement\":[{\"@type\":\"ListItem\",\"position\":1,\"name\":\"Home\",\"item\":\"https:\\\/\\\/sinch.com\\\/de\\\/\"},{\"@type\":\"ListItem\",\"position\":2,\"name\":\"Sinch Support\"}]},{\"@type\":\"WebSite\",\"@id\":\"https:\\\/\\\/sinch.com\\\/de\\\/#website\",\"url\":\"https:\\\/\\\/sinch.com\\\/de\\\/\",\"name\":\"Sinch\",\"description\":\"SMS Messaging, Voice, Email, Video &amp; Verification APIs | Sinch\",\"publisher\":{\"@id\":\"https:\\\/\\\/sinch.com\\\/de\\\/#organization\"},\"potentialAction\":[{\"@type\":\"SearchAction\",\"target\":{\"@type\":\"EntryPoint\",\"urlTemplate\":\"https:\\\/\\\/sinch.com\\\/de\\\/?s={search_term_string}\"},\"query-input\":{\"@type\":\"PropertyValueSpecification\",\"valueRequired\":true,\"valueName\":\"search_term_string\"}}],\"inLanguage\":\"de-DE\"},{\"@type\":\"Organization\",\"@id\":\"https:\\\/\\\/sinch.com\\\/de\\\/#organization\",\"name\":\"Sinch\",\"url\":\"https:\\\/\\\/sinch.com\\\/de\\\/\",\"logo\":{\"@type\":\"ImageObject\",\"inLanguage\":\"de-DE\",\"@id\":\"https:\\\/\\\/sinch.com\\\/de\\\/#\\\/schema\\\/logo\\\/image\\\/\",\"url\":\"https:\\\/\\\/sinch.com\\\/wp-content\\\/uploads\\\/2024\\\/09\\\/Thumbnail-Logo-Honey.png\",\"contentUrl\":\"https:\\\/\\\/sinch.com\\\/wp-content\\\/uploads\\\/2024\\\/09\\\/Thumbnail-Logo-Honey.png\",\"width\":800,\"height\":496,\"caption\":\"Sinch\"},\"image\":{\"@id\":\"https:\\\/\\\/sinch.com\\\/de\\\/#\\\/schema\\\/logo\\\/image\\\/\"},\"sameAs\":[\"https:\\\/\\\/www.facebook.com\\\/wearesinch\\\/\",\"https:\\\/\\\/x.com\\\/WeAreSinch\",\"https:\\\/\\\/www.linkedin.com\\\/company\\\/sinch\",\"https:\\\/\\\/www.youtube.com\\\/channel\\\/UCZZ2u_B2afTxA0v-xcgfsaw\",\"https:\\\/\\\/www.instagram.com\\\/wearesinch\\\/\"]}]}<\/script>\n<!-- \/ Yoast SEO plugin. -->","yoast_head_json":{"title":"Sinch Support","description":"Brauchen Sie Hilfe? Wir sind f\u00fcr Sie da! Finden Sie die richtigen Informationen f\u00fcr die von Ihnen verwendeten Sinch-Produkte, indem Sie die passende Option unten ausw\u00e4hlen.","robots":{"index":"index","follow":"follow","max-snippet":"max-snippet:-1","max-image-preview":"max-image-preview:large","max-video-preview":"max-video-preview:-1"},"canonical":"https:\/\/sinch.com\/de\/helpcenter\/","og_locale":"de_DE","og_type":"article","og_title":"Sinch Support","og_description":"Brauchen Sie Hilfe? Wir sind f\u00fcr Sie da! Finden Sie die richtigen Informationen f\u00fcr die von Ihnen verwendeten Sinch-Produkte, indem Sie die passende Option unten ausw\u00e4hlen.","og_url":"https:\/\/sinch.com\/de\/helpcenter\/","og_site_name":"Sinch","article_publisher":"https:\/\/www.facebook.com\/wearesinch\/","article_modified_time":"2025-07-02T10:33:37+00:00","og_image":[{"width":1200,"height":668,"url":"https:\/\/sinch.com\/wp-content\/uploads\/2026\/02\/SI-Powering-Trusted-Comms.png","type":"image\/png"}],"twitter_card":"summary_large_image","twitter_site":"@WeAreSinch","schema":{"@context":"https:\/\/schema.org","@graph":[{"@type":"WebPage","@id":"https:\/\/sinch.com\/de\/helpcenter\/","url":"https:\/\/sinch.com\/de\/helpcenter\/","name":"Sinch Support","isPartOf":{"@id":"https:\/\/sinch.com\/de\/#website"},"datePublished":"2024-07-08T10:17:06+00:00","dateModified":"2025-07-02T10:33:37+00:00","description":"Brauchen Sie Hilfe? Wir sind f\u00fcr Sie da! Finden Sie die richtigen Informationen f\u00fcr die von Ihnen verwendeten Sinch-Produkte, indem Sie die passende Option unten ausw\u00e4hlen.","breadcrumb":{"@id":"https:\/\/sinch.com\/de\/helpcenter\/#breadcrumb"},"inLanguage":"de-DE","potentialAction":[{"@type":"ReadAction","target":["https:\/\/sinch.com\/de\/helpcenter\/"]}]},{"@type":"BreadcrumbList","@id":"https:\/\/sinch.com\/de\/helpcenter\/#breadcrumb","itemListElement":[{"@type":"ListItem","position":1,"name":"Home","item":"https:\/\/sinch.com\/de\/"},{"@type":"ListItem","position":2,"name":"Sinch Support"}]},{"@type":"WebSite","@id":"https:\/\/sinch.com\/de\/#website","url":"https:\/\/sinch.com\/de\/","name":"Sinch","description":"SMS Messaging, Voice, Email, Video &amp; Verification APIs | Sinch","publisher":{"@id":"https:\/\/sinch.com\/de\/#organization"},"potentialAction":[{"@type":"SearchAction","target":{"@type":"EntryPoint","urlTemplate":"https:\/\/sinch.com\/de\/?s={search_term_string}"},"query-input":{"@type":"PropertyValueSpecification","valueRequired":true,"valueName":"search_term_string"}}],"inLanguage":"de-DE"},{"@type":"Organization","@id":"https:\/\/sinch.com\/de\/#organization","name":"Sinch","url":"https:\/\/sinch.com\/de\/","logo":{"@type":"ImageObject","inLanguage":"de-DE","@id":"https:\/\/sinch.com\/de\/#\/schema\/logo\/image\/","url":"https:\/\/sinch.com\/wp-content\/uploads\/2024\/09\/Thumbnail-Logo-Honey.png","contentUrl":"https:\/\/sinch.com\/wp-content\/uploads\/2024\/09\/Thumbnail-Logo-Honey.png","width":800,"height":496,"caption":"Sinch"},"image":{"@id":"https:\/\/sinch.com\/de\/#\/schema\/logo\/image\/"},"sameAs":["https:\/\/www.facebook.com\/wearesinch\/","https:\/\/x.com\/WeAreSinch","https:\/\/www.linkedin.com\/company\/sinch","https:\/\/www.youtube.com\/channel\/UCZZ2u_B2afTxA0v-xcgfsaw","https:\/\/www.instagram.com\/wearesinch\/"]}]}},"_links":{"self":[{"href":"https:\/\/sinch.com\/de\/wp-json\/wp\/v2\/pages\/62024","targetHints":{"allow":["GET"]}}],"collection":[{"href":"https:\/\/sinch.com\/de\/wp-json\/wp\/v2\/pages"}],"about":[{"href":"https:\/\/sinch.com\/de\/wp-json\/wp\/v2\/types\/page"}],"author":[{"embeddable":true,"href":"https:\/\/sinch.com\/de\/wp-json\/wp\/v2\/users\/6"}],"replies":[{"embeddable":true,"href":"https:\/\/sinch.com\/de\/wp-json\/wp\/v2\/comments?post=62024"}],"version-history":[{"count":0,"href":"https:\/\/sinch.com\/de\/wp-json\/wp\/v2\/pages\/62024\/revisions"}],"wp:attachment":[{"href":"https:\/\/sinch.com\/de\/wp-json\/wp\/v2\/media?parent=62024"}],"curies":[{"name":"wp","href":"https:\/\/api.w.org\/{rel}","templated":true}]}}